{"id":1628,"date":"2023-03-05T21:43:49","date_gmt":"2023-03-05T20:43:49","guid":{"rendered":"http:\/\/www.karate-neufchateau.be\/?page_id=1628"},"modified":"2023-04-05T22:23:40","modified_gmt":"2023-04-05T20:23:40","slug":"contact","status":"publish","type":"page","link":"https:\/\/www.karate-neufchateau.be\/index.php\/contact\/","title":{"rendered":"Contact"},"content":{"rendered":"\t\t<div data-elementor-type=\"wp-page\" data-elementor-id=\"1628\" class=\"elementor elementor-1628\">\n\t\t\t\t\t\t<section class=\"elementor-section elementor-top-section elementor-element elementor-element-o8g3r7l elementor-section-boxed elementor-section-height-default elementor-section-height-default\" data-id=\"o8g3r7l\" data-element_type=\"section\" data-settings=\"{&quot;background_background&quot;:&quot;classic&quot;}\">\n\t\t\t\t\t\t\t<div class=\"elementor-background-overlay\"><\/div>\n\t\t\t\t\t\t\t<div class=\"elementor-container elementor-column-gap-default\">\n\t\t\t\t\t<div class=\"elementor-column elementor-col-100 elementor-top-column elementor-element elementor-element-24c9f1f\" data-id=\"24c9f1f\" data-element_type=\"column\">\n\t\t\t<div class=\"elementor-widget-wrap elementor-element-populated\">\n\t\t\t\t\t\t<div class=\"elementor-element elementor-element-a5e247a elementor-widget elementor-widget-heading\" data-id=\"a5e247a\" data-element_type=\"widget\" data-widget_type=\"heading.default\">\n\t\t\t\t<div class=\"elementor-widget-container\">\n\t\t\t<style>\/*! elementor - v3.20.0 - 26-03-2024 *\/\n.elementor-heading-title{padding:0;margin:0;line-height:1}.elementor-widget-heading .elementor-heading-title[class*=elementor-size-]>a{color:inherit;font-size:inherit;line-height:inherit}.elementor-widget-heading .elementor-heading-title.elementor-size-small{font-size:15px}.elementor-widget-heading .elementor-heading-title.elementor-size-medium{font-size:19px}.elementor-widget-heading .elementor-heading-title.elementor-size-large{font-size:29px}.elementor-widget-heading .elementor-heading-title.elementor-size-xl{font-size:39px}.elementor-widget-heading .elementor-heading-title.elementor-size-xxl{font-size:59px}<\/style><h1 class=\"elementor-heading-title elementor-size-default\">CONTACTE-NOUS<\/h1>\t\t<\/div>\n\t\t\t\t<\/div>\n\t\t\t\t\t<\/div>\n\t\t<\/div>\n\t\t\t\t\t<\/div>\n\t\t<\/section>\n\t\t\t\t<section class=\"elementor-section elementor-top-section elementor-element elementor-element-rkts1yc elementor-section-content-middle elementor-section-boxed elementor-section-height-default elementor-section-height-default\" data-id=\"rkts1yc\" data-element_type=\"section\" data-settings=\"{&quot;background_background&quot;:&quot;classic&quot;}\">\n\t\t\t\t\t\t<div class=\"elementor-container elementor-column-gap-no\">\n\t\t\t\t\t<div class=\"elementor-column elementor-col-50 elementor-top-column elementor-element elementor-element-563c9af\" data-id=\"563c9af\" data-element_type=\"column\">\n\t\t\t<div class=\"elementor-widget-wrap elementor-element-populated\">\n\t\t\t\t\t\t<div class=\"elementor-element elementor-element-9f2f06a elementor-widget elementor-widget-heading\" data-id=\"9f2f06a\" data-element_type=\"widget\" data-widget_type=\"heading.default\">\n\t\t\t\t<div class=\"elementor-widget-container\">\n\t\t\t<h2 class=\"elementor-heading-title elementor-size-medium\">Une question ?<br>Envie de t'inscrire ?<\/h2>\t\t<\/div>\n\t\t\t\t<\/div>\n\t\t\t\t<div class=\"elementor-element elementor-element-427c279 elementor-vertical-align-top elementor-widget elementor-widget-image-box\" data-id=\"427c279\" data-element_type=\"widget\" data-widget_type=\"image-box.default\">\n\t\t\t\t<div class=\"elementor-widget-container\">\n\t\t\t<style>\/*! elementor - v3.20.0 - 26-03-2024 *\/\n.elementor-widget-image-box .elementor-image-box-content{width:100%}@media (min-width:768px){.elementor-widget-image-box.elementor-position-left .elementor-image-box-wrapper,.elementor-widget-image-box.elementor-position-right .elementor-image-box-wrapper{display:flex}.elementor-widget-image-box.elementor-position-right .elementor-image-box-wrapper{text-align:right;flex-direction:row-reverse}.elementor-widget-image-box.elementor-position-left .elementor-image-box-wrapper{text-align:left;flex-direction:row}.elementor-widget-image-box.elementor-position-top .elementor-image-box-img{margin:auto}.elementor-widget-image-box.elementor-vertical-align-top .elementor-image-box-wrapper{align-items:flex-start}.elementor-widget-image-box.elementor-vertical-align-middle .elementor-image-box-wrapper{align-items:center}.elementor-widget-image-box.elementor-vertical-align-bottom .elementor-image-box-wrapper{align-items:flex-end}}@media (max-width:767px){.elementor-widget-image-box .elementor-image-box-img{margin-left:auto!important;margin-right:auto!important;margin-bottom:15px}}.elementor-widget-image-box .elementor-image-box-img{display:inline-block}.elementor-widget-image-box .elementor-image-box-title a{color:inherit}.elementor-widget-image-box .elementor-image-box-wrapper{text-align:center}.elementor-widget-image-box .elementor-image-box-description{margin:0}<\/style><div class=\"elementor-image-box-wrapper\"><div class=\"elementor-image-box-content\"><h4 class=\"elementor-image-box-title\">Sense\u00ef<\/h4><p class=\"elementor-image-box-description\">Hakim Bourhi<\/p><\/div><\/div>\t\t<\/div>\n\t\t\t\t<\/div>\n\t\t\t\t<div class=\"elementor-element elementor-element-b1349c5 elementor-vertical-align-top elementor-widget elementor-widget-image-box\" data-id=\"b1349c5\" data-element_type=\"widget\" data-widget_type=\"image-box.default\">\n\t\t\t\t<div class=\"elementor-widget-container\">\n\t\t\t<div class=\"elementor-image-box-wrapper\"><div class=\"elementor-image-box-content\"><h4 class=\"elementor-image-box-title\">Email<\/h4><p class=\"elementor-image-box-description\"><a href=\"mailto:info@karate-neufchateau.be\">info@karate-neufchateau.be<\/a><\/p><\/div><\/div>\t\t<\/div>\n\t\t\t\t<\/div>\n\t\t\t\t<div class=\"elementor-element elementor-element-8791cce elementor-vertical-align-top elementor-widget elementor-widget-image-box\" data-id=\"8791cce\" data-element_type=\"widget\" data-widget_type=\"image-box.default\">\n\t\t\t\t<div class=\"elementor-widget-container\">\n\t\t\t<div class=\"elementor-image-box-wrapper\"><div class=\"elementor-image-box-content\"><h4 class=\"elementor-image-box-title\">T\u00e9l\u00e9phone<\/h4><p class=\"elementor-image-box-description\">+32 495 74 37 51<\/p><\/div><\/div>\t\t<\/div>\n\t\t\t\t<\/div>\n\t\t\t\t\t<\/div>\n\t\t<\/div>\n\t\t\t\t<div class=\"elementor-column elementor-col-50 elementor-top-column elementor-element elementor-element-923d494\" data-id=\"923d494\" data-element_type=\"column\" data-settings=\"{&quot;background_background&quot;:&quot;classic&quot;}\">\n\t\t\t<div class=\"elementor-widget-wrap elementor-element-populated\">\n\t\t\t\t\t\t<div class=\"elementor-element elementor-element-75babec elementor-widget elementor-widget-wpforms\" data-id=\"75babec\" data-element_type=\"widget\" data-widget_type=\"wpforms.default\">\n\t\t\t\t<div class=\"elementor-widget-container\">\n\t\t\t<div class=\"wpforms-container \" id=\"wpforms-411\"><form id=\"wpforms-form-411\" class=\"wpforms-validate wpforms-form\" data-formid=\"411\" method=\"post\" enctype=\"multipart\/form-data\" action=\"\/index.php\/wp-json\/wp\/v2\/pages\/1628\" data-token=\"79b78ca496e022b91138092915641895\"><noscript class=\"wpforms-error-noscript\">Please enable JavaScript in your browser to complete this form.<\/noscript><div class=\"wpforms-field-container\"><div id=\"wpforms-411-field_0-container\" class=\"wpforms-field wpforms-field-name\" data-field-id=\"0\"><label class=\"wpforms-field-label wpforms-label-hide\" for=\"wpforms-411-field_0\">Nom \/ Pr\u00e9nom <span class=\"wpforms-required-label\">*<\/span><\/label><input type=\"text\" id=\"wpforms-411-field_0\" class=\"wpforms-field-large wpforms-field-required\" name=\"wpforms[fields][0]\" placeholder=\"Nom \/ Pr\u00e9nom\" required><\/div><div id=\"wpforms-411-field_1-container\" class=\"wpforms-field wpforms-field-email\" data-field-id=\"1\"><label class=\"wpforms-field-label wpforms-label-hide\" for=\"wpforms-411-field_1\">Email <span class=\"wpforms-required-label\">*<\/span><\/label><input type=\"email\" id=\"wpforms-411-field_1\" class=\"wpforms-field-large wpforms-field-required\" name=\"wpforms[fields][1]\" placeholder=\"Email\" spellcheck=\"false\" required><\/div><div id=\"wpforms-411-field_8-container\" class=\"wpforms-field wpforms-field-text\" data-field-id=\"8\"><label class=\"wpforms-field-label wpforms-label-hide\" for=\"wpforms-411-field_8\">T\u00e9l\u00e9phone<\/label><input type=\"text\" id=\"wpforms-411-field_8\" class=\"wpforms-field-large\" name=\"wpforms[fields][8]\" placeholder=\"T\u00e9l\u00e9phone\" ><\/div><div id=\"wpforms-411-field_3-container\" class=\"wpforms-field wpforms-field-text\" data-field-id=\"3\"><label class=\"wpforms-field-label wpforms-label-hide\" for=\"wpforms-411-field_3\">Sujet <span class=\"wpforms-required-label\">*<\/span><\/label><input type=\"text\" id=\"wpforms-411-field_3\" class=\"wpforms-field-large wpforms-field-required\" name=\"wpforms[fields][3]\" placeholder=\"Sujet\" required><\/div><div id=\"wpforms-411-field_2-container\" class=\"wpforms-field wpforms-field-textarea\" data-field-id=\"2\"><label class=\"wpforms-field-label wpforms-label-hide\" for=\"wpforms-411-field_2\">Message <span class=\"wpforms-required-label\">*<\/span><\/label><textarea id=\"wpforms-411-field_2\" class=\"wpforms-field-medium wpforms-field-required\" name=\"wpforms[fields][2]\" placeholder=\"Message\" required><\/textarea><\/div><\/div><!-- .wpforms-field-container --><div class=\"wpforms-field wpforms-field-hp\"><label for=\"wpforms-411-field-hp\" class=\"wpforms-field-label\">Name<\/label><input type=\"text\" name=\"wpforms[hp]\" id=\"wpforms-411-field-hp\" class=\"wpforms-field-medium\"><\/div><div class=\"wpforms-recaptcha-container wpforms-is-recaptcha wpforms-is-recaptcha-type-v3\" ><input type=\"hidden\" name=\"wpforms[recaptcha]\" value=\"\"><\/div><div class=\"wpforms-submit-container\" ><input type=\"hidden\" name=\"wpforms[id]\" value=\"411\"><input type=\"hidden\" name=\"wpforms[author]\" value=\"1\"><button type=\"submit\" name=\"wpforms[submit]\" id=\"wpforms-submit-411\" class=\"wpforms-submit\" data-alt-text=\"Envoi...\" data-submit-text=\"Envoyer\" aria-live=\"assertive\" value=\"wpforms-submit\">Envoyer<\/button><\/div><\/form><\/div>  <!-- .wpforms-container -->\t\t<\/div>\n\t\t\t\t<\/div>\n\t\t\t\t\t<\/div>\n\t\t<\/div>\n\t\t\t\t\t<\/div>\n\t\t<\/section>\n\t\t\t\t<\/div>\n\t\t","protected":false},"excerpt":{"rendered":"<p>CONTACTE-NOUS Une question ?Envie de t&#8217;inscrire ? Sense\u00ef Hakim Bourhi Email info@karate-neufchateau.be T\u00e9l\u00e9phone +32 495 74 37 51<\/p>\n","protected":false},"author":1,"featured_media":0,"parent":0,"menu_order":0,"comment_status":"closed","ping_status":"closed","template":"","meta":{"_uag_custom_page_level_css":"","site-sidebar-layout":"no-sidebar","site-content-layout":"page-builder","ast-global-header-display":"","ast-main-header-display":"","ast-hfb-above-header-display":"","ast-hfb-below-header-display":"","ast-hfb-mobile-header-display":"","site-post-title":"disabled","ast-breadcrumbs-content":"","ast-featured-img":"disabled","footer-sml-layout":"","theme-transparent-header-meta":"","adv-header-id-meta":"","stick-header-meta":"","header-above-stick-meta":"","header-main-stick-meta":"","header-below-stick-meta":"","footnotes":""},"class_list":["post-1628","page","type-page","status-publish","hentry"],"yoast_head":"<!-- This site is optimized with the Yoast SEO plugin v22.3 - https:\/\/yoast.com\/wordpress\/plugins\/seo\/ -->\n<title>Contact - JKA Karat\u00e9 Club Neufch\u00e2teau Libin Libramont<\/title>\n<meta name=\"description\" content=\"Tu souhaites plus d&#039;information ou tout simplement t&#039;inscrire ? Contacte-nous, nous te reviendrons rapidement !\" \/>\n<meta name=\"robots\" content=\"index, follow, max-snippet:-1, max-image-preview:large, max-video-preview:-1\" \/>\n<link rel=\"canonical\" href=\"https:\/\/www.karate-neufchateau.be\/index.php\/contact\/\" \/>\n<meta property=\"og:locale\" content=\"en_US\" \/>\n<meta property=\"og:type\" content=\"article\" \/>\n<meta property=\"og:title\" content=\"Contact - JKA Karat\u00e9 Club Neufch\u00e2teau Libin Libramont\" \/>\n<meta property=\"og:description\" content=\"Tu souhaites plus d&#039;information ou tout simplement t&#039;inscrire ? Contacte-nous, nous te reviendrons rapidement !\" \/>\n<meta property=\"og:url\" content=\"https:\/\/www.karate-neufchateau.be\/index.php\/contact\/\" \/>\n<meta property=\"og:site_name\" content=\"JKA Karat\u00e9 Club Neufch\u00e2teau Libin Libramont\" \/>\n<meta property=\"article:publisher\" content=\"https:\/\/www.facebook.com\/profile.php?id=100010067147047\" \/>\n<meta property=\"article:modified_time\" content=\"2023-04-05T20:23:40+00:00\" \/>\n<meta name=\"twitter:card\" content=\"summary_large_image\" \/>\n<meta name=\"twitter:label1\" content=\"Est. reading time\" \/>\n\t<meta name=\"twitter:data1\" content=\"1 minute\" \/>\n<script type=\"application\/ld+json\" class=\"yoast-schema-graph\">{\"@context\":\"https:\/\/schema.org\",\"@graph\":[{\"@type\":\"WebPage\",\"@id\":\"https:\/\/www.karate-neufchateau.be\/index.php\/contact\/\",\"url\":\"https:\/\/www.karate-neufchateau.be\/index.php\/contact\/\",\"name\":\"Contact - JKA Karat\u00e9 Club Neufch\u00e2teau Libin Libramont\",\"isPartOf\":{\"@id\":\"https:\/\/www.karate-neufchateau.be\/#website\"},\"datePublished\":\"2023-03-05T20:43:49+00:00\",\"dateModified\":\"2023-04-05T20:23:40+00:00\",\"description\":\"Tu souhaites plus d'information ou tout simplement t'inscrire ? Contacte-nous, nous te reviendrons rapidement !\",\"breadcrumb\":{\"@id\":\"https:\/\/www.karate-neufchateau.be\/index.php\/contact\/#breadcrumb\"},\"inLanguage\":\"en-US\",\"potentialAction\":[{\"@type\":\"ReadAction\",\"target\":[\"https:\/\/www.karate-neufchateau.be\/index.php\/contact\/\"]}]},{\"@type\":\"BreadcrumbList\",\"@id\":\"https:\/\/www.karate-neufchateau.be\/index.php\/contact\/#breadcrumb\",\"itemListElement\":[{\"@type\":\"ListItem\",\"position\":1,\"name\":\"Accueil\",\"item\":\"https:\/\/www.karate-neufchateau.be\/\"},{\"@type\":\"ListItem\",\"position\":2,\"name\":\"Contact\"}]},{\"@type\":\"WebSite\",\"@id\":\"https:\/\/www.karate-neufchateau.be\/#website\",\"url\":\"https:\/\/www.karate-neufchateau.be\/\",\"name\":\"JKA Karat\u00e9 Club Neufch\u00e2teau Libin Libramont\",\"description\":\"\",\"publisher\":{\"@id\":\"https:\/\/www.karate-neufchateau.be\/#organization\"},\"potentialAction\":[{\"@type\":\"SearchAction\",\"target\":{\"@type\":\"EntryPoint\",\"urlTemplate\":\"https:\/\/www.karate-neufchateau.be\/?s={search_term_string}\"},\"query-input\":\"required name=search_term_string\"}],\"inLanguage\":\"en-US\"},{\"@type\":\"Organization\",\"@id\":\"https:\/\/www.karate-neufchateau.be\/#organization\",\"name\":\"JKA Karat\u00e9 Club Neufch\u00e2teau Libin Libramont\",\"url\":\"https:\/\/www.karate-neufchateau.be\/\",\"logo\":{\"@type\":\"ImageObject\",\"inLanguage\":\"en-US\",\"@id\":\"https:\/\/www.karate-neufchateau.be\/#\/schema\/logo\/image\/\",\"url\":\"https:\/\/www.karate-neufchateau.be\/wp-content\/uploads\/2023\/03\/cropped-logo_site-scaled-1.jpg\",\"contentUrl\":\"https:\/\/www.karate-neufchateau.be\/wp-content\/uploads\/2023\/03\/cropped-logo_site-scaled-1.jpg\",\"width\":2558,\"height\":989,\"caption\":\"JKA Karat\u00e9 Club Neufch\u00e2teau Libin Libramont\"},\"image\":{\"@id\":\"https:\/\/www.karate-neufchateau.be\/#\/schema\/logo\/image\/\"},\"sameAs\":[\"https:\/\/www.facebook.com\/profile.php?id=100010067147047\"]}]}<\/script>\n<!-- \/ Yoast SEO plugin. -->","yoast_head_json":{"title":"Contact - JKA Karat\u00e9 Club Neufch\u00e2teau Libin Libramont","description":"Tu souhaites plus d'information ou tout simplement t'inscrire ? Contacte-nous, nous te reviendrons rapidement !","robots":{"index":"index","follow":"follow","max-snippet":"max-snippet:-1","max-image-preview":"max-image-preview:large","max-video-preview":"max-video-preview:-1"},"canonical":"https:\/\/www.karate-neufchateau.be\/index.php\/contact\/","og_locale":"en_US","og_type":"article","og_title":"Contact - JKA Karat\u00e9 Club Neufch\u00e2teau Libin Libramont","og_description":"Tu souhaites plus d'information ou tout simplement t'inscrire ? Contacte-nous, nous te reviendrons rapidement !","og_url":"https:\/\/www.karate-neufchateau.be\/index.php\/contact\/","og_site_name":"JKA Karat\u00e9 Club Neufch\u00e2teau Libin Libramont","article_publisher":"https:\/\/www.facebook.com\/profile.php?id=100010067147047","article_modified_time":"2023-04-05T20:23:40+00:00","twitter_card":"summary_large_image","twitter_misc":{"Est. reading time":"1 minute"},"schema":{"@context":"https:\/\/schema.org","@graph":[{"@type":"WebPage","@id":"https:\/\/www.karate-neufchateau.be\/index.php\/contact\/","url":"https:\/\/www.karate-neufchateau.be\/index.php\/contact\/","name":"Contact - JKA Karat\u00e9 Club Neufch\u00e2teau Libin Libramont","isPartOf":{"@id":"https:\/\/www.karate-neufchateau.be\/#website"},"datePublished":"2023-03-05T20:43:49+00:00","dateModified":"2023-04-05T20:23:40+00:00","description":"Tu souhaites plus d'information ou tout simplement t'inscrire ? Contacte-nous, nous te reviendrons rapidement !","breadcrumb":{"@id":"https:\/\/www.karate-neufchateau.be\/index.php\/contact\/#breadcrumb"},"inLanguage":"en-US","potentialAction":[{"@type":"ReadAction","target":["https:\/\/www.karate-neufchateau.be\/index.php\/contact\/"]}]},{"@type":"BreadcrumbList","@id":"https:\/\/www.karate-neufchateau.be\/index.php\/contact\/#breadcrumb","itemListElement":[{"@type":"ListItem","position":1,"name":"Accueil","item":"https:\/\/www.karate-neufchateau.be\/"},{"@type":"ListItem","position":2,"name":"Contact"}]},{"@type":"WebSite","@id":"https:\/\/www.karate-neufchateau.be\/#website","url":"https:\/\/www.karate-neufchateau.be\/","name":"JKA Karat\u00e9 Club Neufch\u00e2teau Libin Libramont","description":"","publisher":{"@id":"https:\/\/www.karate-neufchateau.be\/#organization"},"potentialAction":[{"@type":"SearchAction","target":{"@type":"EntryPoint","urlTemplate":"https:\/\/www.karate-neufchateau.be\/?s={search_term_string}"},"query-input":"required name=search_term_string"}],"inLanguage":"en-US"},{"@type":"Organization","@id":"https:\/\/www.karate-neufchateau.be\/#organization","name":"JKA Karat\u00e9 Club Neufch\u00e2teau Libin Libramont","url":"https:\/\/www.karate-neufchateau.be\/","logo":{"@type":"ImageObject","inLanguage":"en-US","@id":"https:\/\/www.karate-neufchateau.be\/#\/schema\/logo\/image\/","url":"https:\/\/www.karate-neufchateau.be\/wp-content\/uploads\/2023\/03\/cropped-logo_site-scaled-1.jpg","contentUrl":"https:\/\/www.karate-neufchateau.be\/wp-content\/uploads\/2023\/03\/cropped-logo_site-scaled-1.jpg","width":2558,"height":989,"caption":"JKA Karat\u00e9 Club Neufch\u00e2teau Libin Libramont"},"image":{"@id":"https:\/\/www.karate-neufchateau.be\/#\/schema\/logo\/image\/"},"sameAs":["https:\/\/www.facebook.com\/profile.php?id=100010067147047"]}]}},"uagb_featured_image_src":{"full":false,"thumbnail":false,"medium":false,"medium_large":false,"large":false,"1536x1536":false,"2048x2048":false},"uagb_author_info":{"display_name":"Admin","author_link":"https:\/\/www.karate-neufchateau.be\/index.php\/author\/admin3899\/"},"uagb_comment_info":0,"uagb_excerpt":"CONTACTE-NOUS Une question ?Envie de t&#8217;inscrire ? Sense\u00ef Hakim Bourhi Email info@karate-neufchateau.be T\u00e9l\u00e9phone +32 495 74 37 51","_links":{"self":[{"href":"https:\/\/www.karate-neufchateau.be\/index.php\/wp-json\/wp\/v2\/pages\/1628","targetHints":{"allow":["GET"]}}],"collection":[{"href":"https:\/\/www.karate-neufchateau.be\/index.php\/wp-json\/wp\/v2\/pages"}],"about":[{"href":"https:\/\/www.karate-neufchateau.be\/index.php\/wp-json\/wp\/v2\/types\/page"}],"author":[{"embeddable":true,"href":"https:\/\/www.karate-neufchateau.be\/index.php\/wp-json\/wp\/v2\/users\/1"}],"replies":[{"embeddable":true,"href":"https:\/\/www.karate-neufchateau.be\/index.php\/wp-json\/wp\/v2\/comments?post=1628"}],"version-history":[{"count":92,"href":"https:\/\/www.karate-neufchateau.be\/index.php\/wp-json\/wp\/v2\/pages\/1628\/revisions"}],"predecessor-version":[{"id":3262,"href":"https:\/\/www.karate-neufchateau.be\/index.php\/wp-json\/wp\/v2\/pages\/1628\/revisions\/3262"}],"wp:attachment":[{"href":"https:\/\/www.karate-neufchateau.be\/index.php\/wp-json\/wp\/v2\/media?parent=1628"}],"curies":[{"name":"wp","href":"https:\/\/api.w.org\/{rel}","templated":true}]}}